{"id":5788,"date":"2024-05-07T13:55:42","date_gmt":"2024-05-07T11:55:42","guid":{"rendered":"https:\/\/beautywithrey.ch\/?page_id=5788"},"modified":"2026-01-03T19:49:55","modified_gmt":"2026-01-03T18:49:55","slug":"impressum","status":"publish","type":"page","link":"https:\/\/genki-beauty.ch\/en\/impressum\/","title":{"rendered":"Imprint"},"content":{"rendered":"\t\t<div data-elementor-type=\"wp-page\" data-elementor-id=\"5788\" class=\"elementor elementor-5788\" data-elementor-post-type=\"page\">\n\t\t\t\t\t\t<section data-particle_enable=\"false\" data-particle-mobile-disabled=\"false\" class=\"elementor-section elementor-top-section elementor-element elementor-element-8e75991 elementor-section-items-stretch elementor-section-content-middle elementor-section-height-min-height elementor-section-boxed elementor-section-height-default\" data-id=\"8e75991\" data-element_type=\"section\" data-e-type=\"section\" data-settings=\"{&quot;background_background&quot;:&quot;slideshow&quot;,&quot;background_slideshow_transition_duration&quot;:2000,&quot;background_slideshow_ken_burns&quot;:&quot;yes&quot;,&quot;animation&quot;:&quot;none&quot;,&quot;background_slideshow_gallery&quot;:[{&quot;id&quot;:7046,&quot;url&quot;:&quot;https:\\\/\\\/genki-beauty.ch\\\/wp-content\\\/uploads\\\/2024\\\/08\\\/iStock_000012420532Large-scaled.jpg&quot;},{&quot;id&quot;:7009,&quot;url&quot;:&quot;https:\\\/\\\/genki-beauty.ch\\\/wp-content\\\/uploads\\\/2024\\\/08\\\/genki-61113-7.jpg&quot;},{&quot;id&quot;:7021,&quot;url&quot;:&quot;https:\\\/\\\/genki-beauty.ch\\\/wp-content\\\/uploads\\\/2024\\\/08\\\/genki-61113-19.jpg&quot;},{&quot;id&quot;:7017,&quot;url&quot;:&quot;https:\\\/\\\/genki-beauty.ch\\\/wp-content\\\/uploads\\\/2024\\\/08\\\/genki-61113-15.jpg&quot;}],&quot;background_slideshow_slide_duration&quot;:8000,&quot;background_slideshow_loop&quot;:&quot;yes&quot;,&quot;background_slideshow_slide_transition&quot;:&quot;fade&quot;,&quot;background_slideshow_ken_burns_zoom_direction&quot;:&quot;in&quot;}\">\n\t\t\t\t\t\t\t<div class=\"elementor-background-overlay\"><\/div>\n\t\t\t\t\t\t\t<div class=\"elementor-container elementor-column-gap-default\">\n\t\t\t\t\t<div class=\"elementor-column elementor-col-100 elementor-top-column elementor-element elementor-element-86df277 elementor-invisible\" data-id=\"86df277\" data-element_type=\"column\" data-e-type=\"column\" data-settings=\"{&quot;animation&quot;:&quot;fadeIn&quot;}\">\n\t\t\t<div class=\"elementor-widget-wrap elementor-element-populated\">\n\t\t\t\t\t\t<div class=\"elementor-element elementor-element-34e30e7 elementor-widget__width-inherit elementor-widget elementor-widget-heading\" data-id=\"34e30e7\" data-element_type=\"widget\" data-e-type=\"widget\" data-widget_type=\"heading.default\">\n\t\t\t\t<div class=\"elementor-widget-container\">\n\t\t\t\t\t<h1 class=\"elementor-heading-title elementor-size-default\">Impressum \/ AGB<\/h1>\t\t\t\t<\/div>\n\t\t\t\t<\/div>\n\t\t\t\t\t<\/div>\n\t\t<\/div>\n\t\t\t\t\t<\/div>\n\t\t<\/section>\n\t\t\t\t<section data-particle_enable=\"false\" data-particle-mobile-disabled=\"false\" class=\"elementor-section elementor-top-section elementor-element elementor-element-9a9803e elementor-section-height-min-height elementor-section-boxed elementor-section-height-default elementor-section-items-middle\" data-id=\"9a9803e\" data-element_type=\"section\" data-e-type=\"section\" data-settings=\"{&quot;background_background&quot;:&quot;classic&quot;}\">\n\t\t\t\t\t\t<div class=\"elementor-container elementor-column-gap-default\">\n\t\t\t\t\t<div class=\"elementor-column elementor-col-100 elementor-top-column elementor-element elementor-element-c9ced6e\" data-id=\"c9ced6e\" data-element_type=\"column\" data-e-type=\"column\">\n\t\t\t<div class=\"elementor-widget-wrap elementor-element-populated\">\n\t\t\t\t\t\t<div class=\"elementor-element elementor-element-2ca9853 elementor-widget elementor-widget-text-editor\" data-id=\"2ca9853\" data-element_type=\"widget\" data-e-type=\"widget\" data-widget_type=\"text-editor.default\">\n\t\t\t\t<div class=\"elementor-widget-container\">\n\t\t\t\t\t\t\t\t\t<div id=\"bgLayers_comp-l9r3edvt\" data-hook=\"bgLayers\" data-motion-part=\"BG_LAYER\"><div id=\"bgMedia_comp-l9r3edvt\" data-motion-part=\"BG_MEDIA\"><h4>Firmen-Anschrift<\/h4><p>Kenko GmbH<br \/>In Gassen 7<br \/>8001 Z\u00fcrich<\/p><p>info@genki.ch<br \/>+41 79 311 02 29<\/p><h4>Handelsregistereintrag<\/h4><p>Handelsregister des Kantons Z\u00fcrich<\/p><p>Firmennummer: CH-020.4.048.709-2<br \/>Unternehmens-Identifikationsnummer (UID): CHE-487.974.389<\/p><h4>Allgemeine Gesch\u00e4ftsbedingungen<\/h4><p>Zahlungskonditionen: Die Rechnungen m\u00fcssen KENKO innert 14 Tagen beglichen werden.<\/p><p>Mahngeb\u00fchren: Wenn der Kunde in Zahlungsverzug ist, muss er KENKO Mahngeb\u00fchren bezahlen. Die Mahngeb\u00fchren betragen CHF 10.00 f\u00fcr die erste Mahnung und zus\u00e4tzliche CHF 10.00 f\u00fcr jede weitere Mahnung.<\/p><\/div><\/div>\t\t\t\t\t\t\t\t<\/div>\n\t\t\t\t<\/div>\n\t\t\t\t\t<\/div>\n\t\t<\/div>\n\t\t\t\t\t<\/div>\n\t\t<\/section>\n\t\t\t\t<\/div>\n\t\t","protected":false},"excerpt":{"rendered":"<p>Impressum \/ AGB Firmen-Anschrift Kenko GmbHIn Gassen 78001 Z\u00fcrich info@genki.ch+41 79 311 02 29 Handelsregistereintrag Handelsregister des Kantons Z\u00fcrich Firmennummer: CH-020.4.048.709-2Unternehmens-Identifikationsnummer (UID): CHE-487.974.389 Allgemeine Gesch\u00e4ftsbedingungen Zahlungskonditionen: Die Rechnungen m\u00fcssen KENKO innert 14 Tagen beglichen werden. Mahngeb\u00fchren: Wenn der Kunde in Zahlungsverzug ist, muss er KENKO Mahngeb\u00fchren bezahlen. Die Mahngeb\u00fchren betragen CHF 10.00 f\u00fcr die erste [&hellip;]<\/p>\n","protected":false},"author":5,"featured_media":0,"parent":0,"menu_order":0,"comment_status":"closed","ping_status":"closed","template":"","meta":{"_acf_changed":false,"footnotes":""},"class_list":["post-5788","page","type-page","status-publish","hentry"],"acf":[],"_links":{"self":[{"href":"https:\/\/genki-beauty.ch\/en\/wp-json\/wp\/v2\/pages\/5788","targetHints":{"allow":["GET"]}}],"collection":[{"href":"https:\/\/genki-beauty.ch\/en\/wp-json\/wp\/v2\/pages"}],"about":[{"href":"https:\/\/genki-beauty.ch\/en\/wp-json\/wp\/v2\/types\/page"}],"author":[{"embeddable":true,"href":"https:\/\/genki-beauty.ch\/en\/wp-json\/wp\/v2\/users\/5"}],"replies":[{"embeddable":true,"href":"https:\/\/genki-beauty.ch\/en\/wp-json\/wp\/v2\/comments?post=5788"}],"version-history":[{"count":3,"href":"https:\/\/genki-beauty.ch\/en\/wp-json\/wp\/v2\/pages\/5788\/revisions"}],"predecessor-version":[{"id":12801,"href":"https:\/\/genki-beauty.ch\/en\/wp-json\/wp\/v2\/pages\/5788\/revisions\/12801"}],"wp:attachment":[{"href":"https:\/\/genki-beauty.ch\/en\/wp-json\/wp\/v2\/media?parent=5788"}],"curies":[{"name":"wp","href":"https:\/\/api.w.org\/{rel}","templated":true}]}}